{"id":2623,"date":"2021-05-25T11:02:49","date_gmt":"2021-05-25T11:02:49","guid":{"rendered":"https:\/\/gpix.webs.upv.es\/?page_id=2623"},"modified":"2021-06-03T11:29:37","modified_gmt":"2021-06-03T11:29:37","slug":"f2197","status":"publish","type":"page","link":"https:\/\/gpix.webs.upv.es\/index.php\/f2197\/","title":{"rendered":"bartolome"},"content":{"rendered":"\t\t<div data-elementor-type=\"wp-page\" data-elementor-id=\"2623\" class=\"elementor elementor-2623\">\n\t\t\t\t\t\t<section class=\"elementor-section elementor-top-section elementor-element elementor-element-176efa7 elementor-section-content-bottom elementor-section-full_width elementor-section-height-default elementor-section-height-default\" data-id=\"176efa7\" data-element_type=\"section\" data-e-type=\"section\">\n\t\t\t\t\t\t<div class=\"elementor-container elementor-column-gap-no\">\n\t\t\t\t\t<div class=\"elementor-column elementor-col-100 elementor-top-column elementor-element elementor-element-561a2a7\" data-id=\"561a2a7\" data-element_type=\"column\" data-e-type=\"column\">\n\t\t\t<div class=\"elementor-widget-wrap elementor-element-populated\">\n\t\t\t\t\t\t<div class=\"elementor-element elementor-element-21f930c elementor-widget elementor-widget-image\" data-id=\"21f930c\" data-element_type=\"widget\" data-e-type=\"widget\" data-widget_type=\"image.default\">\n\t\t\t\t<div class=\"elementor-widget-container\">\n\t\t\t\t\t\t\t\t\t\t\t\t\t\t\t<img decoding=\"async\" src=\"https:\/\/gpix.webs.upv.es\/wp-content\/uploads\/elementor\/thumbs\/gpix_logo_90px-p47d9hsr04rp5jffg3nxh2yt21y8c9u9iwjr387vnk.png\" title=\"gpix_logo_90px\" alt=\"gpix_logo_90px\" loading=\"lazy\" \/>\t\t\t\t\t\t\t\t\t\t\t\t\t\t\t<\/div>\n\t\t\t\t<\/div>\n\t\t\t\t\t<\/div>\n\t\t<\/div>\n\t\t\t\t\t<\/div>\n\t\t<\/section>\n\t\t\t\t<section class=\"elementor-section elementor-top-section elementor-element elementor-element-e8b7005 elementor-section-content-bottom elementor-section-full_width elementor-section-height-default elementor-section-height-default\" data-id=\"e8b7005\" data-element_type=\"section\" data-e-type=\"section\">\n\t\t\t\t\t\t<div class=\"elementor-container elementor-column-gap-no\">\n\t\t\t\t\t<div class=\"elementor-column elementor-col-50 elementor-top-column elementor-element elementor-element-47e8f69\" data-id=\"47e8f69\" data-element_type=\"column\" data-e-type=\"column\">\n\t\t\t<div class=\"elementor-widget-wrap\">\n\t\t\t\t\t\t\t<\/div>\n\t\t<\/div>\n\t\t\t\t<div class=\"elementor-column elementor-col-50 elementor-top-column elementor-element elementor-element-457401d\" data-id=\"457401d\" data-element_type=\"column\" data-e-type=\"column\">\n\t\t\t<div class=\"elementor-widget-wrap elementor-element-populated\">\n\t\t\t\t\t\t<div class=\"elementor-element elementor-element-3ee1d07 elementor-align-justify elementor-widget__width-initial elementor-absolute elementor-widget elementor-widget-button\" data-id=\"3ee1d07\" data-element_type=\"widget\" data-e-type=\"widget\" data-settings=\"{&quot;_position&quot;:&quot;absolute&quot;}\" data-widget_type=\"button.default\">\n\t\t\t\t<div class=\"elementor-widget-container\">\n\t\t\t\t\t\t\t\t\t<div class=\"elementor-button-wrapper\">\n\t\t\t\t\t<a class=\"elementor-button elementor-button-link elementor-size-xs\" href=\"https:\/\/gpix.webs.upv.es\">\n\t\t\t\t\t\t<span class=\"elementor-button-content-wrapper\">\n\t\t\t\t\t\t\t\t\t<span class=\"elementor-button-text\">Inicio<\/span>\n\t\t\t\t\t<\/span>\n\t\t\t\t\t<\/a>\n\t\t\t\t<\/div>\n\t\t\t\t\t\t\t\t<\/div>\n\t\t\t\t<\/div>\n\t\t\t\t<div class=\"elementor-element elementor-element-179a0ad elementor-align-justify elementor-widget__width-initial elementor-absolute elementor-widget elementor-widget-button\" data-id=\"179a0ad\" data-element_type=\"widget\" data-e-type=\"widget\" data-settings=\"{&quot;_position&quot;:&quot;absolute&quot;}\" data-widget_type=\"button.default\">\n\t\t\t\t<div class=\"elementor-widget-container\">\n\t\t\t\t\t\t\t\t\t<div class=\"elementor-button-wrapper\">\n\t\t\t\t\t<a class=\"elementor-button elementor-button-link elementor-size-xs\" href=\"https:\/\/gpix.webs.upv.es\/index.php\/proyecto\">\n\t\t\t\t\t\t<span class=\"elementor-button-content-wrapper\">\n\t\t\t\t\t\t\t\t\t<span class=\"elementor-button-text\">Proyecto<\/span>\n\t\t\t\t\t<\/span>\n\t\t\t\t\t<\/a>\n\t\t\t\t<\/div>\n\t\t\t\t\t\t\t\t<\/div>\n\t\t\t\t<\/div>\n\t\t\t\t<div class=\"elementor-element elementor-element-fcc089a elementor-align-justify elementor-widget__width-initial elementor-absolute elementor-widget elementor-widget-button\" data-id=\"fcc089a\" data-element_type=\"widget\" data-e-type=\"widget\" data-settings=\"{&quot;_position&quot;:&quot;absolute&quot;}\" data-widget_type=\"button.default\">\n\t\t\t\t<div class=\"elementor-widget-container\">\n\t\t\t\t\t\t\t\t\t<div class=\"elementor-button-wrapper\">\n\t\t\t\t\t<a class=\"elementor-button elementor-button-link elementor-size-xs\" href=\"https:\/\/gpix.webs.upv.es\/index.php\/obras\">\n\t\t\t\t\t\t<span class=\"elementor-button-content-wrapper\">\n\t\t\t\t\t\t\t\t\t<span class=\"elementor-button-text\">Obras<\/span>\n\t\t\t\t\t<\/span>\n\t\t\t\t\t<\/a>\n\t\t\t\t<\/div>\n\t\t\t\t\t\t\t\t<\/div>\n\t\t\t\t<\/div>\n\t\t\t\t<div class=\"elementor-element elementor-element-a409be9 elementor-align-justify elementor-widget__width-initial elementor-absolute elementor-widget elementor-widget-button\" data-id=\"a409be9\" data-element_type=\"widget\" data-e-type=\"widget\" data-settings=\"{&quot;_position&quot;:&quot;absolute&quot;}\" data-widget_type=\"button.default\">\n\t\t\t\t<div class=\"elementor-widget-container\">\n\t\t\t\t\t\t\t\t\t<div class=\"elementor-button-wrapper\">\n\t\t\t\t\t<a class=\"elementor-button elementor-button-link elementor-size-xs\" href=\"https:\/\/gpix.webs.upv.es\/index.php\/f2197_v\/\">\n\t\t\t\t\t\t<span class=\"elementor-button-content-wrapper\">\n\t\t\t\t\t\t\t\t\t<span class=\"elementor-button-text\">Val&nbsp;\/&nbsp;<u>Cas<\/u><\/span>\n\t\t\t\t\t<\/span>\n\t\t\t\t\t<\/a>\n\t\t\t\t<\/div>\n\t\t\t\t\t\t\t\t<\/div>\n\t\t\t\t<\/div>\n\t\t\t\t<div class=\"elementor-element elementor-element-977cc9b elementor-absolute elementor-widget__width-auto elementor-widget elementor-widget-elementskit-header-search\" data-id=\"977cc9b\" data-element_type=\"widget\" data-e-type=\"widget\" data-settings=\"{&quot;_position&quot;:&quot;absolute&quot;}\" data-widget_type=\"elementskit-header-search.default\">\n\t\t\t\t<div class=\"elementor-widget-container\">\n\t\t\t\t\t<div class=\"ekit-wid-con\" >        <a href=\"#ekit_modal-popup-977cc9b\" class=\"ekit_navsearch-button ekit-modal-popup\" aria-label=\"navsearch-button\">\n            <i aria-hidden=\"true\" class=\"fas fa-search\"><\/i>        <\/a>\n        <!-- language switcher strart -->\n        <!-- xs modal -->\n        <div class=\"zoom-anim-dialog mfp-hide ekit_modal-searchPanel\" id=\"ekit_modal-popup-977cc9b\">\n            <div class=\"ekit-search-panel\">\n            <!-- Polylang search - thanks to Alain Melsens -->\n                <form role=\"search\" method=\"get\" class=\"ekit-search-group\" action=\"https:\/\/gpix.webs.upv.es\/\">\n                    <input type=\"search\" class=\"ekit_search-field\" aria-label=\"search-form\" placeholder=\"Buscar...\" value=\"\" name=\"s\">\n\t\t\t\t\t<button type=\"submit\" class=\"ekit_search-button\" aria-label=\"search-button\">\n                        <i aria-hidden=\"true\" class=\"fas fa-search\"><\/i>                    <\/button>\n                <\/form>\n            <\/div>\n        <\/div><!-- End xs modal -->\n        <!-- end language switcher strart -->\n        <\/div>\t\t\t\t<\/div>\n\t\t\t\t<\/div>\n\t\t\t\t\t<\/div>\n\t\t<\/div>\n\t\t\t\t\t<\/div>\n\t\t<\/section>\n\t\t\t\t<section class=\"elementor-section elementor-top-section elementor-element elementor-element-78aae78 elementor-section-boxed elementor-section-height-default elementor-section-height-default\" data-id=\"78aae78\" data-element_type=\"section\" data-e-type=\"section\">\n\t\t\t\t\t\t<div class=\"elementor-container elementor-column-gap-default\">\n\t\t\t\t\t<div class=\"elementor-column elementor-col-100 elementor-top-column elementor-element elementor-element-7d51db1\" data-id=\"7d51db1\" data-element_type=\"column\" data-e-type=\"column\">\n\t\t\t<div class=\"elementor-widget-wrap elementor-element-populated\">\n\t\t\t\t\t\t<div class=\"elementor-element elementor-element-ab95955 elementor-widget-divider--view-line elementor-widget elementor-widget-divider\" data-id=\"ab95955\" data-element_type=\"widget\" data-e-type=\"widget\" data-widget_type=\"divider.default\">\n\t\t\t\t<div class=\"elementor-widget-container\">\n\t\t\t\t\t\t\t<div class=\"elementor-divider\">\n\t\t\t<span class=\"elementor-divider-separator\">\n\t\t\t\t\t\t<\/span>\n\t\t<\/div>\n\t\t\t\t\t\t<\/div>\n\t\t\t\t<\/div>\n\t\t\t\t\t<\/div>\n\t\t<\/div>\n\t\t\t\t\t<\/div>\n\t\t<\/section>\n\t\t\t\t<section class=\"elementor-section elementor-top-section elementor-element elementor-element-d0032e0 elementor-section-boxed elementor-section-height-default elementor-section-height-default\" data-id=\"d0032e0\" data-element_type=\"section\" data-e-type=\"section\">\n\t\t\t\t\t\t<div class=\"elementor-container elementor-column-gap-default\">\n\t\t\t\t\t<div class=\"elementor-column elementor-col-100 elementor-top-column elementor-element elementor-element-5643549\" data-id=\"5643549\" data-element_type=\"column\" data-e-type=\"column\">\n\t\t\t<div class=\"elementor-widget-wrap elementor-element-populated\">\n\t\t\t\t\t\t<div class=\"elementor-element elementor-element-615c142 elementor-widget elementor-widget-image\" data-id=\"615c142\" data-element_type=\"widget\" data-e-type=\"widget\" data-widget_type=\"image.default\">\n\t\t\t\t<div class=\"elementor-widget-container\">\n\t\t\t\t\t\t\t\t\t\t\t\t\t\t\t\t<a href=\"https:\/\/gpix.webs.upv.es\/gpix\/2197.html\">\n\t\t\t\t\t\t\t<img fetchpriority=\"high\" decoding=\"async\" width=\"328\" height=\"470\" src=\"https:\/\/gpix.webs.upv.es\/wp-content\/uploads\/2021\/04\/2197.jpg\" class=\"attachment-full size-full wp-image-1619\" alt=\"\" srcset=\"https:\/\/gpix.webs.upv.es\/wp-content\/uploads\/2021\/04\/2197.jpg 328w, https:\/\/gpix.webs.upv.es\/wp-content\/uploads\/2021\/04\/2197-209x300.jpg 209w\" sizes=\"(max-width: 328px) 100vw, 328px\" style=\"width:100%;height:143.29%;max-width:328px\" \/>\t\t\t\t\t\t\t\t<\/a>\n\t\t\t\t\t\t\t\t\t\t\t\t\t\t\t<\/div>\n\t\t\t\t<\/div>\n\t\t\t\t<div class=\"elementor-element elementor-element-b4f1950 elementor-widget__width-auto elementor-absolute elementor-view-default elementor-widget elementor-widget-icon\" data-id=\"b4f1950\" data-element_type=\"widget\" data-e-type=\"widget\" data-settings=\"{&quot;_position&quot;:&quot;absolute&quot;}\" data-widget_type=\"icon.default\">\n\t\t\t\t<div class=\"elementor-widget-container\">\n\t\t\t\t\t\t\t<div class=\"elementor-icon-wrapper\">\n\t\t\t<a class=\"elementor-icon\" href=\"https:\/\/gpix.webs.upv.es\/index.php\/f494\/\">\n\t\t\t<i aria-hidden=\"true\" class=\"far fa-arrow-alt-circle-left\"><\/i>\t\t\t<\/a>\n\t\t<\/div>\n\t\t\t\t\t\t<\/div>\n\t\t\t\t<\/div>\n\t\t\t\t<div class=\"elementor-element elementor-element-dd789a1 elementor-widget__width-auto elementor-absolute elementor-view-default elementor-widget elementor-widget-icon\" data-id=\"dd789a1\" data-element_type=\"widget\" data-e-type=\"widget\" data-settings=\"{&quot;_position&quot;:&quot;absolute&quot;}\" data-widget_type=\"icon.default\">\n\t\t\t\t<div class=\"elementor-widget-container\">\n\t\t\t\t\t\t\t<div class=\"elementor-icon-wrapper\">\n\t\t\t<a class=\"elementor-icon\" href=\"https:\/\/gpix.webs.upv.es\/index.php\/f572\/\">\n\t\t\t<i aria-hidden=\"true\" class=\"far fa-arrow-alt-circle-right\"><\/i>\t\t\t<\/a>\n\t\t<\/div>\n\t\t\t\t\t\t<\/div>\n\t\t\t\t<\/div>\n\t\t\t\t\t<\/div>\n\t\t<\/div>\n\t\t\t\t\t<\/div>\n\t\t<\/section>\n\t\t\t\t<section class=\"elementor-section elementor-top-section elementor-element elementor-element-24590d7 elementor-section-boxed elementor-section-height-default elementor-section-height-default\" data-id=\"24590d7\" data-element_type=\"section\" data-e-type=\"section\">\n\t\t\t\t\t\t<div class=\"elementor-container elementor-column-gap-default\">\n\t\t\t\t\t<div class=\"elementor-column elementor-col-100 elementor-top-column elementor-element elementor-element-c042ef6\" data-id=\"c042ef6\" data-element_type=\"column\" data-e-type=\"column\">\n\t\t\t<div class=\"elementor-widget-wrap elementor-element-populated\">\n\t\t\t\t\t\t<div class=\"elementor-element elementor-element-4e1c04f eael-tooltip-align-center eael-tooltip-align-mobile-center elementor-widget elementor-widget-eael-tooltip\" data-id=\"4e1c04f\" data-element_type=\"widget\" data-e-type=\"widget\" data-widget_type=\"eael-tooltip.default\">\n\t\t\t\t<div class=\"elementor-widget-container\">\n\t\t\t\t\t\t<div class=\"eael-tooltip\">\n\t\t\t\t\t<span class=\"eael-tooltip-content\" tabindex=\"0\" aria-describedby=\"tooltip-text-4e1c04f\"><a href=\"https:\/\/gpix.webs.upv.es\/gpix\/2197.html\"><img decoding=\"async\" src=\"https:\/\/gpix.webs.upv.es\/wp-content\/uploads\/2021\/03\/lupa.png\" alt=\"\"><\/a><\/span>\n  \t\t\t<span id=\"tooltip-text-4e1c04f\" class=\"eael-tooltip-text eael-tooltip-right\" role=\"tooltip\"><p>Visualizaci\u00f3n Gigap\u00edxel<\/p><\/span>\n  \t\t\t<\/div>\n\t\t\t\t\t<\/div>\n\t\t\t\t<\/div>\n\t\t\t\t\t<\/div>\n\t\t<\/div>\n\t\t\t\t\t<\/div>\n\t\t<\/section>\n\t\t\t\t<section class=\"elementor-section elementor-top-section elementor-element elementor-element-9de85c3 elementor-section-boxed elementor-section-height-default elementor-section-height-default\" data-id=\"9de85c3\" data-element_type=\"section\" data-e-type=\"section\">\n\t\t\t\t\t\t<div class=\"elementor-container elementor-column-gap-default\">\n\t\t\t\t\t<div class=\"elementor-column elementor-col-33 elementor-top-column elementor-element elementor-element-ec5a2de\" data-id=\"ec5a2de\" data-element_type=\"column\" data-e-type=\"column\">\n\t\t\t<div class=\"elementor-widget-wrap elementor-element-populated\">\n\t\t\t\t\t\t<div class=\"elementor-element elementor-element-a7297b1 elementor-widget elementor-widget-text-editor\" data-id=\"a7297b1\" data-element_type=\"widget\" data-e-type=\"widget\" data-widget_type=\"text-editor.default\">\n\t\t\t\t<div class=\"elementor-widget-container\">\n\t\t\t\t\t\t\t\t\t<p><strong>Luca Giordano<\/strong><\/p>\t\t\t\t\t\t\t\t<\/div>\n\t\t\t\t<\/div>\n\t\t\t\t<div class=\"elementor-element elementor-element-660c90b elementor-widget elementor-widget-text-editor\" data-id=\"660c90b\" data-element_type=\"widget\" data-e-type=\"widget\" data-widget_type=\"text-editor.default\">\n\t\t\t\t<div class=\"elementor-widget-container\">\n\t\t\t\t\t\t\t\t\t<p><strong>N\u00e1poles,1624 &#8211; ib.,1705<\/strong><\/p>\t\t\t\t\t\t\t\t<\/div>\n\t\t\t\t<\/div>\n\t\t\t\t<div class=\"elementor-element elementor-element-87c9e90 elementor-widget elementor-widget-text-editor\" data-id=\"87c9e90\" data-element_type=\"widget\" data-e-type=\"widget\" data-widget_type=\"text-editor.default\">\n\t\t\t\t<div class=\"elementor-widget-container\">\n\t\t\t\t\t\t\t\t\t<p>Su estilo queda influido por varios pintores c\u00e9lebres como su maestro Jos\u00e9 de Ribera. De su crecimiento formaron parte los viajes a Roma, Venecia y otras ciudades y su evoluci\u00f3n t\u00e9cnica qued\u00f3 influenciada por artistas como Bernini, Rafael Sanzio, Tiziano y Pedro Pablo Rubens.\u00a0 Estuvo al servicio de encargos de altos poderes y ordenes religiosas como la decoraci\u00f3n de la c\u00fapula de la capilla Corsini en la iglesia del Carmen y la biblioteca del Palacio M\u00e9dici Ricardi, ambas en Florencia. En el territorio Nacional, particip\u00f3 en la decoraci\u00f3n de murales en el Monasterio del Escorial en Madrid, por orden de Carlos II,\u00a0 y en la decoraci\u00f3n de diferentes habit\u00e1culos\u00a0 del Palacio de Aranjuez o los frescos en la Iglesia de Santa Mar\u00eda de Atocha y en la sacrist\u00eda de la Catedral de Toledo.<\/p>\t\t\t\t\t\t\t\t<\/div>\n\t\t\t\t<\/div>\n\t\t\t\t\t<\/div>\n\t\t<\/div>\n\t\t\t\t<div class=\"elementor-column elementor-col-33 elementor-top-column elementor-element elementor-element-82911be\" data-id=\"82911be\" data-element_type=\"column\" data-e-type=\"column\">\n\t\t\t<div class=\"elementor-widget-wrap elementor-element-populated\">\n\t\t\t\t\t\t<div class=\"elementor-element elementor-element-78ea0dd elementor-widget elementor-widget-text-editor\" data-id=\"78ea0dd\" data-element_type=\"widget\" data-e-type=\"widget\" data-widget_type=\"text-editor.default\">\n\t\t\t\t<div class=\"elementor-widget-container\">\n\t\t\t\t\t\t\t\t\t<p><strong><em>San Bartolom\u00e9 en el martirio<\/em><\/strong><\/p>\t\t\t\t\t\t\t\t<\/div>\n\t\t\t\t<\/div>\n\t\t\t\t<div class=\"elementor-element elementor-element-92c0331 elementor-widget elementor-widget-text-editor\" data-id=\"92c0331\" data-element_type=\"widget\" data-e-type=\"widget\" data-widget_type=\"text-editor.default\">\n\t\t\t\t<div class=\"elementor-widget-container\">\n\t\t\t\t\t\t\t\t\t<p><strong>ca. 1650. \u00d3leo sobre lienzo. 136&#215;95 cm.<\/strong><\/p><p>En esta obra se observa un tratamiento de la pintura que evidencia la relaci\u00f3n e influencia del pintor Luca Giordano con el setabense Jos\u00e9 de Ribera, de quien fue amigo. Esta influencia se observa entre otros, en el tratamiento delicado y volum\u00e9trico de los cabellos y en el modo de dar forma a la musculatura corporal del Santo, cuyos brazos quedan en alto atados a un \u00e1rbol. Fruto de un trabajo tenebrista, en la obra se observa un gran dominio de la luz y el modelado con que define los vol\u00famenes del cuerpo, cargado adem\u00e1s de materia, otorgando una textura con la que el pintor forjar\u00eda su estilo m\u00e1s personal, suelto y lleno de dinamismo, tan caracter\u00edstico del barroco. Seg\u00fan los estudios sobre el cuadro, todo apunta a que fue realizado durante la etapa juvenil del pintor. Con la fotograf\u00eda gigap\u00edxel, lo que a distancia parecen formas perfectamente definidas se nos presenta en su ampliaci\u00f3n como trazo pict\u00f3rico puro con el que se modelan las formas, pinceladas cargadas de virtuosismo e intencionalidad.<\/p>\t\t\t\t\t\t\t\t<\/div>\n\t\t\t\t<\/div>\n\t\t\t\t<div class=\"elementor-element elementor-element-206ff25 elementor-widget elementor-widget-text-editor\" data-id=\"206ff25\" data-element_type=\"widget\" data-e-type=\"widget\" data-widget_type=\"text-editor.default\">\n\t\t\t\t<div class=\"elementor-widget-container\">\n\t\t\t\t\t\t\t\t\t<p><strong><em>Referencias<\/em><\/strong><\/p><p><a href=\"http:\/\/museobellasartesvalencia.gva.es\/es\/pintura\/-\/asset_publisher\/KFeOnCE1wa8i\/content\/san-bartolome-en-el-martirio?redirect=http%3A%2F%2Fmuseobellasartesvalencia.gva.es%2Fca%2Fpintura%3Fp_p_id%3D101_INSTANCE_KFeOnCE1wa8i%26p_p_lifecycle%3D0%26p_p_state%3Dnormal%26p_p_mode%3Dview%26p_p_col_id%3Dcolumn-1%26p_p_col_pos%3D1%26p_p_col_count%3D2%26_101_INSTANCE_KFeOnCE1wa8i_advancedSearch%3Dfalse%26_101_INSTANCE_KFeOnCE1wa8i_keywords%3D%26_101_INSTANCE_KFeOnCE1wa8i_delta%3D20%26p_r_p_564233524_resetCur%3Dfalse%26_101_INSTANCE_KFeOnCE1wa8i_cur%3D4%26_101_INSTANCE_KFeOnCE1wa8i_andOperator%3Dtrue\">San Bartolom\u00e9 en el martirio | museobellasartesvalencia.gva.es<\/a><\/p><p><a href=\"https:\/\/www.museodelprado.es\/aprende\/enciclopedia\/voz\/giordano-luca\/49a280bc-c1ae-45c9-865e-b9a81b288649\">Giordano, Luca | museodelprado.es<\/a><\/p><p><a href=\"https:\/\/trianarts.com\/lucas-giordano-el-barroco-italiano\/#sthash.bKIs07Vx.W3Ij4SSZ.dpbs\">Luca Giordano: El barroco italiano | trianarts.com<\/a><\/p>\t\t\t\t\t\t\t\t<\/div>\n\t\t\t\t<\/div>\n\t\t\t\t\t<\/div>\n\t\t<\/div>\n\t\t\t\t<div class=\"elementor-column elementor-col-33 elementor-top-column elementor-element elementor-element-385373f\" data-id=\"385373f\" data-element_type=\"column\" data-e-type=\"column\">\n\t\t\t<div class=\"elementor-widget-wrap elementor-element-populated\">\n\t\t\t\t\t\t<div class=\"elementor-element elementor-element-6fbaeda elementor-widget elementor-widget-text-editor\" data-id=\"6fbaeda\" data-element_type=\"widget\" data-e-type=\"widget\" data-widget_type=\"text-editor.default\">\n\t\t\t\t<div class=\"elementor-widget-container\">\n\t\t\t\t\t\t\t\t\t<p><strong>Museo de Bellas Artes de Valencia<\/strong><\/p>\t\t\t\t\t\t\t\t<\/div>\n\t\t\t\t<\/div>\n\t\t\t\t<div class=\"elementor-element elementor-element-71dd607 elementor-widget elementor-widget-text-editor\" data-id=\"71dd607\" data-element_type=\"widget\" data-e-type=\"widget\" data-widget_type=\"text-editor.default\">\n\t\t\t\t<div class=\"elementor-widget-container\">\n\t\t\t\t\t\t\t\t\t<p><span style=\"background-color: var( --e-global-color-primary ); color: var( --e-global-color-text ); font-family: var( --e-global-typography-f3e7497-font-family ), Sans-serif; font-size: var( --e-global-typography-f3e7497-font-size ); font-weight: var( --e-global-typography-text-font-weight ); letter-spacing: var( --e-global-typography-f3e7497-letter-spacing );\">N\u00ba de inventario 2197<\/span><\/p><p><span style=\"color: var( --e-global-color-text ); font-family: var( --e-global-typography-f3e7497-font-family ), Sans-serif; font-size: var( --e-global-typography-f3e7497-font-size ); font-weight: var( --e-global-typography-text-font-weight ); letter-spacing: var( --e-global-typography-f3e7497-letter-spacing ); background-color: var( --e-global-color-primary );\">Sala 16<\/span><\/p><p>Adquirido por la Generalitat Valenciana (1985)<\/p>\t\t\t\t\t\t\t\t<\/div>\n\t\t\t\t<\/div>\n\t\t\t\t\t<\/div>\n\t\t<\/div>\n\t\t\t\t\t<\/div>\n\t\t<\/section>\n\t\t\t\t<section class=\"elementor-section elementor-top-section elementor-element elementor-element-10f2456 elementor-section-boxed elementor-section-height-default elementor-section-height-default\" data-id=\"10f2456\" data-element_type=\"section\" data-e-type=\"section\">\n\t\t\t\t\t\t<div class=\"elementor-container elementor-column-gap-default\">\n\t\t\t\t\t<div class=\"elementor-column elementor-col-50 elementor-top-column elementor-element elementor-element-3699f38\" data-id=\"3699f38\" data-element_type=\"column\" data-e-type=\"column\">\n\t\t\t<div class=\"elementor-widget-wrap elementor-element-populated\">\n\t\t\t\t\t\t<div class=\"elementor-element elementor-element-70d3c8a elementor-widget elementor-widget-image\" data-id=\"70d3c8a\" data-element_type=\"widget\" data-e-type=\"widget\" data-widget_type=\"image.default\">\n\t\t\t\t<div class=\"elementor-widget-container\">\n\t\t\t\t\t\t\t\t\t\t\t\t\t\t\t<img decoding=\"async\" width=\"225\" height=\"100\" src=\"https:\/\/gpix.webs.upv.es\/wp-content\/uploads\/2021\/05\/logomba_100px.jpg\" class=\"attachment-full size-full wp-image-2886\" alt=\"\" style=\"width:100%;height:44.44%;max-width:225px\" \/>\t\t\t\t\t\t\t\t\t\t\t\t\t\t\t<\/div>\n\t\t\t\t<\/div>\n\t\t\t\t\t<\/div>\n\t\t<\/div>\n\t\t\t\t<div class=\"elementor-column elementor-col-50 elementor-top-column elementor-element elementor-element-bde45bf\" data-id=\"bde45bf\" data-element_type=\"column\" data-e-type=\"column\">\n\t\t\t<div class=\"elementor-widget-wrap elementor-element-populated\">\n\t\t\t\t\t\t<div class=\"elementor-element elementor-element-1ff7eba elementor-widget elementor-widget-image\" data-id=\"1ff7eba\" data-element_type=\"widget\" data-e-type=\"widget\" data-widget_type=\"image.default\">\n\t\t\t\t<div class=\"elementor-widget-container\">\n\t\t\t\t\t\t\t\t\t\t\t\t\t\t\t<img decoding=\"async\" width=\"283\" height=\"100\" src=\"https:\/\/gpix.webs.upv.es\/wp-content\/uploads\/2021\/03\/logoupv_100px.png\" class=\"attachment-full size-full wp-image-505\" alt=\"\" style=\"width:100%;height:35.34%;max-width:283px\" \/>\t\t\t\t\t\t\t\t\t\t\t\t\t\t\t<\/div>\n\t\t\t\t<\/div>\n\t\t\t\t\t<\/div>\n\t\t<\/div>\n\t\t\t\t\t<\/div>\n\t\t<\/section>\n\t\t\t\t<\/div>\n\t\t","protected":false},"excerpt":{"rendered":"<p>Inicio Proyecto Obras Val&nbsp;\/&nbsp;Cas Visualizaci\u00f3n Gigap\u00edxel Luca Giordano N\u00e1poles,1624 &#8211; ib.,1705 Su estilo queda influido por varios pintores c\u00e9lebres como su maestro Jos\u00e9 de Ribera. De su crecimiento formaron parte los viajes a Roma, Venecia y otras ciudades y su evoluci\u00f3n t\u00e9cnica qued\u00f3 influenciada por artistas como Bernini, Rafael Sanzio, Tiziano y Pedro Pablo Rubens.\u00a0&hellip; <a class=\"more-link\" href=\"https:\/\/gpix.webs.upv.es\/index.php\/f2197\/\">Seguir leyendo <span class=\"screen-reader-text\">bartolome<\/span><\/a><\/p>\n","protected":false},"author":1,"featured_media":0,"parent":0,"menu_order":0,"comment_status":"closed","ping_status":"closed","template":"","meta":{"footnotes":""},"class_list":["post-2623","page","type-page","status-publish","hentry","entry"],"_links":{"self":[{"href":"https:\/\/gpix.webs.upv.es\/index.php\/wp-json\/wp\/v2\/pages\/2623","targetHints":{"allow":["GET"]}}],"collection":[{"href":"https:\/\/gpix.webs.upv.es\/index.php\/wp-json\/wp\/v2\/pages"}],"about":[{"href":"https:\/\/gpix.webs.upv.es\/index.php\/wp-json\/wp\/v2\/types\/page"}],"author":[{"embeddable":true,"href":"https:\/\/gpix.webs.upv.es\/index.php\/wp-json\/wp\/v2\/users\/1"}],"replies":[{"embeddable":true,"href":"https:\/\/gpix.webs.upv.es\/index.php\/wp-json\/wp\/v2\/comments?post=2623"}],"version-history":[{"count":22,"href":"https:\/\/gpix.webs.upv.es\/index.php\/wp-json\/wp\/v2\/pages\/2623\/revisions"}],"predecessor-version":[{"id":3884,"href":"https:\/\/gpix.webs.upv.es\/index.php\/wp-json\/wp\/v2\/pages\/2623\/revisions\/3884"}],"wp:attachment":[{"href":"https:\/\/gpix.webs.upv.es\/index.php\/wp-json\/wp\/v2\/media?parent=2623"}],"curies":[{"name":"wp","href":"https:\/\/api.w.org\/{rel}","templated":true}]}}