{"id":3382,"date":"2021-05-28T10:27:32","date_gmt":"2021-05-28T10:27:32","guid":{"rendered":"https:\/\/gpix.webs.upv.es\/?page_id=3382"},"modified":"2021-06-03T11:48:28","modified_gmt":"2021-06-03T11:48:28","slug":"f2350_v","status":"publish","type":"page","link":"https:\/\/gpix.webs.upv.es\/index.php\/f2350_v\/","title":{"rendered":"magdalena_v"},"content":{"rendered":"\t\t<div data-elementor-type=\"wp-page\" data-elementor-id=\"3382\" class=\"elementor elementor-3382\">\n\t\t\t\t\t\t<section class=\"elementor-section elementor-top-section elementor-element elementor-element-176efa7 elementor-section-content-bottom elementor-section-full_width elementor-section-height-default elementor-section-height-default\" data-id=\"176efa7\" data-element_type=\"section\" data-e-type=\"section\">\n\t\t\t\t\t\t<div class=\"elementor-container elementor-column-gap-no\">\n\t\t\t\t\t<div class=\"elementor-column elementor-col-100 elementor-top-column elementor-element elementor-element-561a2a7\" data-id=\"561a2a7\" data-element_type=\"column\" data-e-type=\"column\">\n\t\t\t<div class=\"elementor-widget-wrap elementor-element-populated\">\n\t\t\t\t\t\t<div class=\"elementor-element elementor-element-21f930c elementor-widget elementor-widget-image\" data-id=\"21f930c\" data-element_type=\"widget\" data-e-type=\"widget\" data-widget_type=\"image.default\">\n\t\t\t\t<div class=\"elementor-widget-container\">\n\t\t\t\t\t\t\t\t\t\t\t\t\t\t\t<img decoding=\"async\" src=\"https:\/\/gpix.webs.upv.es\/wp-content\/uploads\/elementor\/thumbs\/gpix_logo_90px-p47d9hsr04rp5jffg3nxh2yt21y8c9u9iwjr387vnk.png\" title=\"gpix_logo_90px\" alt=\"gpix_logo_90px\" loading=\"lazy\" \/>\t\t\t\t\t\t\t\t\t\t\t\t\t\t\t<\/div>\n\t\t\t\t<\/div>\n\t\t\t\t\t<\/div>\n\t\t<\/div>\n\t\t\t\t\t<\/div>\n\t\t<\/section>\n\t\t\t\t<section class=\"elementor-section elementor-top-section elementor-element elementor-element-912c71c elementor-section-content-bottom elementor-section-full_width elementor-section-height-default elementor-section-height-default\" data-id=\"912c71c\" data-element_type=\"section\" data-e-type=\"section\">\n\t\t\t\t\t\t<div class=\"elementor-container elementor-column-gap-no\">\n\t\t\t\t\t<div class=\"elementor-column elementor-col-50 elementor-top-column elementor-element elementor-element-281e857\" data-id=\"281e857\" data-element_type=\"column\" data-e-type=\"column\">\n\t\t\t<div class=\"elementor-widget-wrap\">\n\t\t\t\t\t\t\t<\/div>\n\t\t<\/div>\n\t\t\t\t<div class=\"elementor-column elementor-col-50 elementor-top-column elementor-element elementor-element-dfed4ec\" data-id=\"dfed4ec\" data-element_type=\"column\" data-e-type=\"column\">\n\t\t\t<div class=\"elementor-widget-wrap elementor-element-populated\">\n\t\t\t\t\t\t<div class=\"elementor-element elementor-element-a9f974b elementor-align-justify elementor-widget__width-initial elementor-absolute elementor-widget elementor-widget-button\" data-id=\"a9f974b\" data-element_type=\"widget\" data-e-type=\"widget\" data-settings=\"{&quot;_position&quot;:&quot;absolute&quot;}\" data-widget_type=\"button.default\">\n\t\t\t\t<div class=\"elementor-widget-container\">\n\t\t\t\t\t\t\t\t\t<div class=\"elementor-button-wrapper\">\n\t\t\t\t\t<a class=\"elementor-button elementor-button-link elementor-size-xs\" href=\"https:\/\/gpix.webs.upv.es\/index.php\/inici\/\">\n\t\t\t\t\t\t<span class=\"elementor-button-content-wrapper\">\n\t\t\t\t\t\t\t\t\t<span class=\"elementor-button-text\">Inici<\/span>\n\t\t\t\t\t<\/span>\n\t\t\t\t\t<\/a>\n\t\t\t\t<\/div>\n\t\t\t\t\t\t\t\t<\/div>\n\t\t\t\t<\/div>\n\t\t\t\t<div class=\"elementor-element elementor-element-bd5c599 elementor-align-justify elementor-widget__width-initial elementor-absolute elementor-widget elementor-widget-button\" data-id=\"bd5c599\" data-element_type=\"widget\" data-e-type=\"widget\" data-settings=\"{&quot;_position&quot;:&quot;absolute&quot;}\" data-widget_type=\"button.default\">\n\t\t\t\t<div class=\"elementor-widget-container\">\n\t\t\t\t\t\t\t\t\t<div class=\"elementor-button-wrapper\">\n\t\t\t\t\t<a class=\"elementor-button elementor-button-link elementor-size-xs\" href=\"https:\/\/gpix.webs.upv.es\/index.php\/projecte\/\">\n\t\t\t\t\t\t<span class=\"elementor-button-content-wrapper\">\n\t\t\t\t\t\t\t\t\t<span class=\"elementor-button-text\">Projecte<\/span>\n\t\t\t\t\t<\/span>\n\t\t\t\t\t<\/a>\n\t\t\t\t<\/div>\n\t\t\t\t\t\t\t\t<\/div>\n\t\t\t\t<\/div>\n\t\t\t\t<div class=\"elementor-element elementor-element-cb5865b elementor-align-justify elementor-widget__width-initial elementor-absolute elementor-widget elementor-widget-button\" data-id=\"cb5865b\" data-element_type=\"widget\" data-e-type=\"widget\" data-settings=\"{&quot;_position&quot;:&quot;absolute&quot;}\" data-widget_type=\"button.default\">\n\t\t\t\t<div class=\"elementor-widget-container\">\n\t\t\t\t\t\t\t\t\t<div class=\"elementor-button-wrapper\">\n\t\t\t\t\t<a class=\"elementor-button elementor-button-link elementor-size-xs\" href=\"https:\/\/gpix.webs.upv.es\/index.php\/obres\/\">\n\t\t\t\t\t\t<span class=\"elementor-button-content-wrapper\">\n\t\t\t\t\t\t\t\t\t<span class=\"elementor-button-text\">Obres<\/span>\n\t\t\t\t\t<\/span>\n\t\t\t\t\t<\/a>\n\t\t\t\t<\/div>\n\t\t\t\t\t\t\t\t<\/div>\n\t\t\t\t<\/div>\n\t\t\t\t<div class=\"elementor-element elementor-element-812fd7e elementor-align-justify elementor-widget__width-initial elementor-absolute elementor-widget elementor-widget-button\" data-id=\"812fd7e\" data-element_type=\"widget\" data-e-type=\"widget\" data-settings=\"{&quot;_position&quot;:&quot;absolute&quot;}\" data-widget_type=\"button.default\">\n\t\t\t\t<div class=\"elementor-widget-container\">\n\t\t\t\t\t\t\t\t\t<div class=\"elementor-button-wrapper\">\n\t\t\t\t\t<a class=\"elementor-button elementor-button-link elementor-size-xs\" href=\"https:\/\/gpix.webs.upv.es\/index.php\/f2350\/\">\n\t\t\t\t\t\t<span class=\"elementor-button-content-wrapper\">\n\t\t\t\t\t\t\t\t\t<span class=\"elementor-button-text\"><u>Val<\/u>&nbsp;\/&nbsp;Cas<\/span>\n\t\t\t\t\t<\/span>\n\t\t\t\t\t<\/a>\n\t\t\t\t<\/div>\n\t\t\t\t\t\t\t\t<\/div>\n\t\t\t\t<\/div>\n\t\t\t\t<div class=\"elementor-element elementor-element-db836d2 elementor-absolute elementor-widget__width-auto elementor-widget elementor-widget-elementskit-header-search\" data-id=\"db836d2\" data-element_type=\"widget\" data-e-type=\"widget\" data-settings=\"{&quot;_position&quot;:&quot;absolute&quot;}\" data-widget_type=\"elementskit-header-search.default\">\n\t\t\t\t<div class=\"elementor-widget-container\">\n\t\t\t\t\t<div class=\"ekit-wid-con\" >        <a href=\"#ekit_modal-popup-db836d2\" class=\"ekit_navsearch-button ekit-modal-popup\" aria-label=\"navsearch-button\">\n            <i aria-hidden=\"true\" class=\"fas fa-search\"><\/i>        <\/a>\n        <!-- language switcher strart -->\n        <!-- xs modal -->\n        <div class=\"zoom-anim-dialog mfp-hide ekit_modal-searchPanel\" id=\"ekit_modal-popup-db836d2\">\n            <div class=\"ekit-search-panel\">\n            <!-- Polylang search - thanks to Alain Melsens -->\n                <form role=\"search\" method=\"get\" class=\"ekit-search-group\" action=\"https:\/\/gpix.webs.upv.es\/\">\n                    <input type=\"search\" class=\"ekit_search-field\" aria-label=\"search-form\" placeholder=\"Buscar...\" value=\"\" name=\"s\">\n\t\t\t\t\t<button type=\"submit\" class=\"ekit_search-button\" aria-label=\"search-button\">\n                        <i aria-hidden=\"true\" class=\"fas fa-search\"><\/i>                    <\/button>\n                <\/form>\n            <\/div>\n        <\/div><!-- End xs modal -->\n        <!-- end language switcher strart -->\n        <\/div>\t\t\t\t<\/div>\n\t\t\t\t<\/div>\n\t\t\t\t\t<\/div>\n\t\t<\/div>\n\t\t\t\t\t<\/div>\n\t\t<\/section>\n\t\t\t\t<section class=\"elementor-section elementor-top-section elementor-element elementor-element-78aae78 elementor-section-boxed elementor-section-height-default elementor-section-height-default\" data-id=\"78aae78\" data-element_type=\"section\" data-e-type=\"section\">\n\t\t\t\t\t\t<div class=\"elementor-container elementor-column-gap-default\">\n\t\t\t\t\t<div class=\"elementor-column elementor-col-100 elementor-top-column elementor-element elementor-element-7d51db1\" data-id=\"7d51db1\" data-element_type=\"column\" data-e-type=\"column\">\n\t\t\t<div class=\"elementor-widget-wrap elementor-element-populated\">\n\t\t\t\t\t\t<div class=\"elementor-element elementor-element-ab95955 elementor-widget-divider--view-line elementor-widget elementor-widget-divider\" data-id=\"ab95955\" data-element_type=\"widget\" data-e-type=\"widget\" data-widget_type=\"divider.default\">\n\t\t\t\t<div class=\"elementor-widget-container\">\n\t\t\t\t\t\t\t<div class=\"elementor-divider\">\n\t\t\t<span class=\"elementor-divider-separator\">\n\t\t\t\t\t\t<\/span>\n\t\t<\/div>\n\t\t\t\t\t\t<\/div>\n\t\t\t\t<\/div>\n\t\t\t\t\t<\/div>\n\t\t<\/div>\n\t\t\t\t\t<\/div>\n\t\t<\/section>\n\t\t\t\t<section class=\"elementor-section elementor-top-section elementor-element elementor-element-d0032e0 elementor-section-boxed elementor-section-height-default elementor-section-height-default\" data-id=\"d0032e0\" data-element_type=\"section\" data-e-type=\"section\">\n\t\t\t\t\t\t<div class=\"elementor-container elementor-column-gap-default\">\n\t\t\t\t\t<div class=\"elementor-column elementor-col-100 elementor-top-column elementor-element elementor-element-5643549\" data-id=\"5643549\" data-element_type=\"column\" data-e-type=\"column\">\n\t\t\t<div class=\"elementor-widget-wrap elementor-element-populated\">\n\t\t\t\t\t\t<div class=\"elementor-element elementor-element-615c142 elementor-widget elementor-widget-image\" data-id=\"615c142\" data-element_type=\"widget\" data-e-type=\"widget\" data-widget_type=\"image.default\">\n\t\t\t\t<div class=\"elementor-widget-container\">\n\t\t\t\t\t\t\t\t\t\t\t\t\t\t\t\t<a href=\"https:\/\/gpix.webs.upv.es\/gpix\/2350.html\">\n\t\t\t\t\t\t\t<img fetchpriority=\"high\" decoding=\"async\" width=\"373\" height=\"470\" src=\"https:\/\/gpix.webs.upv.es\/wp-content\/uploads\/2021\/04\/2350.jpg\" class=\"attachment-full size-full wp-image-1679\" alt=\"\" srcset=\"https:\/\/gpix.webs.upv.es\/wp-content\/uploads\/2021\/04\/2350.jpg 373w, https:\/\/gpix.webs.upv.es\/wp-content\/uploads\/2021\/04\/2350-238x300.jpg 238w\" sizes=\"(max-width: 373px) 100vw, 373px\" style=\"width:100%;height:126.01%;max-width:373px\" \/>\t\t\t\t\t\t\t\t<\/a>\n\t\t\t\t\t\t\t\t\t\t\t\t\t\t\t<\/div>\n\t\t\t\t<\/div>\n\t\t\t\t<div class=\"elementor-element elementor-element-b4f1950 elementor-widget__width-auto elementor-absolute elementor-view-default elementor-widget elementor-widget-icon\" data-id=\"b4f1950\" data-element_type=\"widget\" data-e-type=\"widget\" data-settings=\"{&quot;_position&quot;:&quot;absolute&quot;}\" data-widget_type=\"icon.default\">\n\t\t\t\t<div class=\"elementor-widget-container\">\n\t\t\t\t\t\t\t<div class=\"elementor-icon-wrapper\">\n\t\t\t<a class=\"elementor-icon\" href=\"https:\/\/gpix.webs.upv.es\/index.php\/f305_v\/\">\n\t\t\t<i aria-hidden=\"true\" class=\"far fa-arrow-alt-circle-left\"><\/i>\t\t\t<\/a>\n\t\t<\/div>\n\t\t\t\t\t\t<\/div>\n\t\t\t\t<\/div>\n\t\t\t\t<div class=\"elementor-element elementor-element-dd789a1 elementor-widget__width-auto elementor-absolute elementor-view-default elementor-widget elementor-widget-icon\" data-id=\"dd789a1\" data-element_type=\"widget\" data-e-type=\"widget\" data-settings=\"{&quot;_position&quot;:&quot;absolute&quot;}\" data-widget_type=\"icon.default\">\n\t\t\t\t<div class=\"elementor-widget-container\">\n\t\t\t\t\t\t\t<div class=\"elementor-icon-wrapper\">\n\t\t\t<a class=\"elementor-icon\" href=\"https:\/\/gpix.webs.upv.es\/index.php\/f147-2004_v\/\">\n\t\t\t<i aria-hidden=\"true\" class=\"far fa-arrow-alt-circle-right\"><\/i>\t\t\t<\/a>\n\t\t<\/div>\n\t\t\t\t\t\t<\/div>\n\t\t\t\t<\/div>\n\t\t\t\t\t<\/div>\n\t\t<\/div>\n\t\t\t\t\t<\/div>\n\t\t<\/section>\n\t\t\t\t<section class=\"elementor-section elementor-top-section elementor-element elementor-element-24590d7 elementor-section-boxed elementor-section-height-default elementor-section-height-default\" data-id=\"24590d7\" data-element_type=\"section\" data-e-type=\"section\">\n\t\t\t\t\t\t<div class=\"elementor-container elementor-column-gap-default\">\n\t\t\t\t\t<div class=\"elementor-column elementor-col-100 elementor-top-column elementor-element elementor-element-c042ef6\" data-id=\"c042ef6\" data-element_type=\"column\" data-e-type=\"column\">\n\t\t\t<div class=\"elementor-widget-wrap elementor-element-populated\">\n\t\t\t\t\t\t<div class=\"elementor-element elementor-element-4e1c04f eael-tooltip-align-center eael-tooltip-align-mobile-center elementor-widget elementor-widget-eael-tooltip\" data-id=\"4e1c04f\" data-element_type=\"widget\" data-e-type=\"widget\" data-widget_type=\"eael-tooltip.default\">\n\t\t\t\t<div class=\"elementor-widget-container\">\n\t\t\t\t\t\t<div class=\"eael-tooltip\">\n\t\t\t\t\t<span class=\"eael-tooltip-content\" tabindex=\"0\" aria-describedby=\"tooltip-text-4e1c04f\"><a href=\"https:\/\/gpix.webs.upv.es\/gpix\/2350.html\"><img decoding=\"async\" src=\"https:\/\/gpix.webs.upv.es\/wp-content\/uploads\/2021\/03\/lupa.png\" alt=\"\"><\/a><\/span>\n  \t\t\t<span id=\"tooltip-text-4e1c04f\" class=\"eael-tooltip-text eael-tooltip-right\" role=\"tooltip\"><p>Visualitzaci\u00f3 Gigap\u00edxel<\/p><\/span>\n  \t\t\t<\/div>\n\t\t\t\t\t<\/div>\n\t\t\t\t<\/div>\n\t\t\t\t\t<\/div>\n\t\t<\/div>\n\t\t\t\t\t<\/div>\n\t\t<\/section>\n\t\t\t\t<section class=\"elementor-section elementor-top-section elementor-element elementor-element-9de85c3 elementor-section-boxed elementor-section-height-default elementor-section-height-default\" data-id=\"9de85c3\" data-element_type=\"section\" data-e-type=\"section\">\n\t\t\t\t\t\t<div class=\"elementor-container elementor-column-gap-default\">\n\t\t\t\t\t<div class=\"elementor-column elementor-col-33 elementor-top-column elementor-element elementor-element-ec5a2de\" data-id=\"ec5a2de\" data-element_type=\"column\" data-e-type=\"column\">\n\t\t\t<div class=\"elementor-widget-wrap elementor-element-populated\">\n\t\t\t\t\t\t<div class=\"elementor-element elementor-element-a7297b1 elementor-widget elementor-widget-text-editor\" data-id=\"a7297b1\" data-element_type=\"widget\" data-e-type=\"widget\" data-widget_type=\"text-editor.default\">\n\t\t\t\t<div class=\"elementor-widget-container\">\n\t\t\t\t\t\t\t\t\t<p><strong>Pedro Orrente<\/strong><\/p>\t\t\t\t\t\t\t\t<\/div>\n\t\t\t\t<\/div>\n\t\t\t\t<div class=\"elementor-element elementor-element-660c90b elementor-widget elementor-widget-text-editor\" data-id=\"660c90b\" data-element_type=\"widget\" data-e-type=\"widget\" data-widget_type=\"text-editor.default\">\n\t\t\t\t<div class=\"elementor-widget-container\">\n\t\t\t\t\t\t\t\t\t<p><strong>M\u00farcia, 1580 &#8211; Val\u00e8ncia, 1645<\/strong><\/p>\t\t\t\t\t\t\t\t<\/div>\n\t\t\t\t<\/div>\n\t\t\t\t<div class=\"elementor-element elementor-element-87c9e90 elementor-widget elementor-widget-text-editor\" data-id=\"87c9e90\" data-element_type=\"widget\" data-e-type=\"widget\" data-widget_type=\"text-editor.default\">\n\t\t\t\t<div class=\"elementor-widget-container\">\n\t\t\t\t\t\t\t\t\t<p>Pintor molt influent en la seua \u00e8poca, deixeble de Leandro Bassano, la qual cosa li va atorgar el qualificatiu de \u00abel Bassano espanyol\u00bb.<\/p><p>Orrente va residir en ciutats com Conca, Sevilla, Toledo i Madrid, on va realitzar enc\u00e0rrecs al servei de l&#8217;arist\u00f2crata i pol\u00edtic espanyol Gaspar de Guzm\u00e1n i Pimentel, tamb\u00e9 conegut com el Comte-Duc d&#8217;Olivares.<\/p><p>Val\u00e8ncia es va convertir en el lloc de resid\u00e8ncia de l&#8217;artista fins a la seua mort, on va pintar obres com el Sant Sebasti\u00e0 de la Catedral de Val\u00e8ncia (1616), Martiri de Sant Lloren\u00e7, de l&#8217;esgl\u00e9sia de Sant Esteve o La curaci\u00f3 del paral\u00edtic, del Col\u00b7legi del Patriarca.<\/p>\t\t\t\t\t\t\t\t<\/div>\n\t\t\t\t<\/div>\n\t\t\t\t\t<\/div>\n\t\t<\/div>\n\t\t\t\t<div class=\"elementor-column elementor-col-33 elementor-top-column elementor-element elementor-element-82911be\" data-id=\"82911be\" data-element_type=\"column\" data-e-type=\"column\">\n\t\t\t<div class=\"elementor-widget-wrap elementor-element-populated\">\n\t\t\t\t\t\t<div class=\"elementor-element elementor-element-78ea0dd elementor-widget elementor-widget-text-editor\" data-id=\"78ea0dd\" data-element_type=\"widget\" data-e-type=\"widget\" data-widget_type=\"text-editor.default\">\n\t\t\t\t<div class=\"elementor-widget-container\">\n\t\t\t\t\t\t\t\t\t<p><strong><em>Magdalena penitent<\/em><\/strong><\/p>\t\t\t\t\t\t\t\t<\/div>\n\t\t\t\t<\/div>\n\t\t\t\t<div class=\"elementor-element elementor-element-92c0331 elementor-widget elementor-widget-text-editor\" data-id=\"92c0331\" data-element_type=\"widget\" data-e-type=\"widget\" data-widget_type=\"text-editor.default\">\n\t\t\t\t<div class=\"elementor-widget-container\">\n\t\t\t\t\t\t\t\t\t<p><strong>ca. 1625. Oli sobre tela. 110&#215;87.2 cm.<\/strong><\/p><p>En la pintura s&#8217;observa la manera d&#8217;operar amb llum tenebrista i un dramatisme propi de Caravaggio. La t\u00e8cnica del clarobscur es basa en l&#8217;addici\u00f3 de tons lluminosos i mitjos tons sobre un fons vermell\u00f3s de imprimaci\u00f3 que \u00e9s la base del quadre, contribuint aix\u00ed a un efecte d&#8217;il\u00b7luminaci\u00f3 focal, teatral, carregada en aquest cas de gran misticisme i fins i tot sensualitat, per la finor amb la qual estan executades les carnacions. La paleta de colors restringida no impedeix el gaudi dels colors rosats del rostre o els tons platejats i blavosos de les vestidures, que emergeixen del fons fosc. L&#8217;obra no est\u00e0 exempta de detall, apreciant-se, gr\u00e0cies als detalls reveladors proporcionats per la visi\u00f3 gigap\u00edxel, la manyaga amb el qual el pintor resol una ll\u00e0grima que recorre la galta o els detalls anat\u00f2mics d&#8217;un rostre en escor\u00e7 que eleva la nostra mirada cap a fora de l&#8217;obra. Una gran diagonal compositiva amb la qual el pintor resol aquesta composici\u00f3 realitzada des d&#8217;un singular punt de vista baix.<\/p>\t\t\t\t\t\t\t\t<\/div>\n\t\t\t\t<\/div>\n\t\t\t\t<div class=\"elementor-element elementor-element-206ff25 elementor-widget elementor-widget-text-editor\" data-id=\"206ff25\" data-element_type=\"widget\" data-e-type=\"widget\" data-widget_type=\"text-editor.default\">\n\t\t\t\t<div class=\"elementor-widget-container\">\n\t\t\t\t\t\t\t\t\t<p><em><strong>Refer\u00e8ncies<\/strong><\/em><\/p><p><a href=\"https:\/\/museobellasartesvalencia.gva.es\/es\/cataleg?p_auth=J17TaLRL&amp;p_p_id=journal_content_structure_search_WAR_journal_content_structure_searchportlet_INSTANCE_ZizFlmIl9rZj&amp;p_p_lifecycle=1&amp;p_p_state=normal&amp;p_p_mode=view&amp;p_p_col_id=column-1&amp;p_p_col_count=2&amp;_journal_content_structure_search_WAR_journal_content_structure_searchportlet_INSTANCE_ZizFlmIl9rZj_mvcPath=%2Fhtml%2Fsearchportlet%2Fdetail.jsp&amp;_journal_content_structure_search_WAR_journal_content_structure_searchportlet_INSTANCE_ZizFlmIl9rZj_articleId=169038498&amp;_journal_content_structure_search_WAR_journal_content_structure_searchportlet_INSTANCE_ZizFlmIl9rZj_groupId=169021322&amp;_journal_content_structure_search_WAR_journal_content_structure_searchportlet_INSTANCE_ZizFlmIl9rZj_javax.portlet.action=detail\">Magdalena Penitent | museobellasartesvalencia.gva.es<\/a><\/p><p><a href=\"https:\/\/www.museodelprado.es\/aprende\/enciclopedia\/voz\/orrente-pedro-de\/a1e77d28-512d-4068-a458-18c5f4e355b7\">Orrente, Pedro de | museodelprado.es<\/a><\/p>\t\t\t\t\t\t\t\t<\/div>\n\t\t\t\t<\/div>\n\t\t\t\t\t<\/div>\n\t\t<\/div>\n\t\t\t\t<div class=\"elementor-column elementor-col-33 elementor-top-column elementor-element elementor-element-385373f\" data-id=\"385373f\" data-element_type=\"column\" data-e-type=\"column\">\n\t\t\t<div class=\"elementor-widget-wrap elementor-element-populated\">\n\t\t\t\t\t\t<div class=\"elementor-element elementor-element-6fbaeda elementor-widget elementor-widget-text-editor\" data-id=\"6fbaeda\" data-element_type=\"widget\" data-e-type=\"widget\" data-widget_type=\"text-editor.default\">\n\t\t\t\t<div class=\"elementor-widget-container\">\n\t\t\t\t\t\t\t\t\t<p><strong>Museu de Belles Arts de Val\u00e8ncia<\/strong><\/p>\t\t\t\t\t\t\t\t<\/div>\n\t\t\t\t<\/div>\n\t\t\t\t<div class=\"elementor-element elementor-element-71dd607 elementor-widget elementor-widget-text-editor\" data-id=\"71dd607\" data-element_type=\"widget\" data-e-type=\"widget\" data-widget_type=\"text-editor.default\">\n\t\t\t\t<div class=\"elementor-widget-container\">\n\t\t\t\t\t\t\t\t\t<p><span style=\"background-color: var( --e-global-color-primary ); color: var( --e-global-color-text ); font-family: var( --e-global-typography-f3e7497-font-family ), Sans-serif; font-size: var( --e-global-typography-f3e7497-font-size ); font-weight: var( --e-global-typography-text-font-weight ); letter-spacing: var( --e-global-typography-f3e7497-letter-spacing );\">Inv. 2350<\/span><\/p><p><span style=\"color: var( --e-global-color-text ); font-family: var( --e-global-typography-f3e7497-font-family ), Sans-serif; font-size: var( --e-global-typography-f3e7497-font-size ); font-weight: var( --e-global-typography-text-font-weight ); letter-spacing: var( --e-global-typography-f3e7497-letter-spacing ); background-color: var( --e-global-color-primary );\">Sala 9<\/span><\/p>\t\t\t\t\t\t\t\t<\/div>\n\t\t\t\t<\/div>\n\t\t\t\t\t<\/div>\n\t\t<\/div>\n\t\t\t\t\t<\/div>\n\t\t<\/section>\n\t\t\t\t<section class=\"elementor-section elementor-top-section elementor-element elementor-element-10f2456 elementor-section-boxed elementor-section-height-default elementor-section-height-default\" data-id=\"10f2456\" data-element_type=\"section\" data-e-type=\"section\">\n\t\t\t\t\t\t<div class=\"elementor-container elementor-column-gap-default\">\n\t\t\t\t\t<div class=\"elementor-column elementor-col-50 elementor-top-column elementor-element elementor-element-3699f38\" data-id=\"3699f38\" data-element_type=\"column\" data-e-type=\"column\">\n\t\t\t<div class=\"elementor-widget-wrap elementor-element-populated\">\n\t\t\t\t\t\t<div class=\"elementor-element elementor-element-70d3c8a elementor-widget elementor-widget-image\" data-id=\"70d3c8a\" data-element_type=\"widget\" data-e-type=\"widget\" data-widget_type=\"image.default\">\n\t\t\t\t<div class=\"elementor-widget-container\">\n\t\t\t\t\t\t\t\t\t\t\t\t\t\t\t<img decoding=\"async\" width=\"225\" height=\"100\" src=\"https:\/\/gpix.webs.upv.es\/wp-content\/uploads\/2021\/05\/logomba_100px.jpg\" class=\"attachment-full size-full wp-image-2886\" alt=\"\" style=\"width:100%;height:44.44%;max-width:225px\" \/>\t\t\t\t\t\t\t\t\t\t\t\t\t\t\t<\/div>\n\t\t\t\t<\/div>\n\t\t\t\t\t<\/div>\n\t\t<\/div>\n\t\t\t\t<div class=\"elementor-column elementor-col-50 elementor-top-column elementor-element elementor-element-bde45bf\" data-id=\"bde45bf\" data-element_type=\"column\" data-e-type=\"column\">\n\t\t\t<div class=\"elementor-widget-wrap elementor-element-populated\">\n\t\t\t\t\t\t<div class=\"elementor-element elementor-element-1ff7eba elementor-widget elementor-widget-image\" data-id=\"1ff7eba\" data-element_type=\"widget\" data-e-type=\"widget\" data-widget_type=\"image.default\">\n\t\t\t\t<div class=\"elementor-widget-container\">\n\t\t\t\t\t\t\t\t\t\t\t\t\t\t\t<img decoding=\"async\" width=\"283\" height=\"100\" src=\"https:\/\/gpix.webs.upv.es\/wp-content\/uploads\/2021\/03\/logoupv_100px.png\" class=\"attachment-full size-full wp-image-505\" alt=\"\" style=\"width:100%;height:35.34%;max-width:283px\" \/>\t\t\t\t\t\t\t\t\t\t\t\t\t\t\t<\/div>\n\t\t\t\t<\/div>\n\t\t\t\t\t<\/div>\n\t\t<\/div>\n\t\t\t\t\t<\/div>\n\t\t<\/section>\n\t\t\t\t<\/div>\n\t\t","protected":false},"excerpt":{"rendered":"<p>Inici Projecte Obres Val&nbsp;\/&nbsp;Cas Visualitzaci\u00f3 Gigap\u00edxel Pedro Orrente M\u00farcia, 1580 &#8211; Val\u00e8ncia, 1645 Pintor molt influent en la seua \u00e8poca, deixeble de Leandro Bassano, la qual cosa li va atorgar el qualificatiu de \u00abel Bassano espanyol\u00bb. Orrente va residir en ciutats com Conca, Sevilla, Toledo i Madrid, on va realitzar enc\u00e0rrecs al servei de l&#8217;arist\u00f2crata&hellip; <a class=\"more-link\" href=\"https:\/\/gpix.webs.upv.es\/index.php\/f2350_v\/\">Seguir leyendo <span class=\"screen-reader-text\">magdalena_v<\/span><\/a><\/p>\n","protected":false},"author":1,"featured_media":0,"parent":0,"menu_order":0,"comment_status":"closed","ping_status":"closed","template":"","meta":{"footnotes":""},"class_list":["post-3382","page","type-page","status-publish","hentry","entry"],"_links":{"self":[{"href":"https:\/\/gpix.webs.upv.es\/index.php\/wp-json\/wp\/v2\/pages\/3382","targetHints":{"allow":["GET"]}}],"collection":[{"href":"https:\/\/gpix.webs.upv.es\/index.php\/wp-json\/wp\/v2\/pages"}],"about":[{"href":"https:\/\/gpix.webs.upv.es\/index.php\/wp-json\/wp\/v2\/types\/page"}],"author":[{"embeddable":true,"href":"https:\/\/gpix.webs.upv.es\/index.php\/wp-json\/wp\/v2\/users\/1"}],"replies":[{"embeddable":true,"href":"https:\/\/gpix.webs.upv.es\/index.php\/wp-json\/wp\/v2\/comments?post=3382"}],"version-history":[{"count":34,"href":"https:\/\/gpix.webs.upv.es\/index.php\/wp-json\/wp\/v2\/pages\/3382\/revisions"}],"predecessor-version":[{"id":3974,"href":"https:\/\/gpix.webs.upv.es\/index.php\/wp-json\/wp\/v2\/pages\/3382\/revisions\/3974"}],"wp:attachment":[{"href":"https:\/\/gpix.webs.upv.es\/index.php\/wp-json\/wp\/v2\/media?parent=3382"}],"curies":[{"name":"wp","href":"https:\/\/api.w.org\/{rel}","templated":true}]}}